{"id":7195,"date":"2019-01-11T13:06:46","date_gmt":"2019-01-11T11:06:46","guid":{"rendered":"https:\/\/aegeanrent.gr\/about\/"},"modified":"2024-06-18T13:36:04","modified_gmt":"2024-06-18T10:36:04","slug":"about","status":"publish","type":"page","link":"https:\/\/aegeanrent.gr\/de\/about\/","title":{"rendered":"\u00fcber uns"},"content":{"rendered":"\t\t<div data-elementor-type=\"wp-post\" data-elementor-id=\"7195\" class=\"elementor elementor-7195 elementor-316\" data-elementor-post-type=\"page\">\n\t\t\t\t\t\t<section class=\"elementor-section elementor-top-section elementor-element elementor-element-ff7cbfc elementor-section-stretched elementor-section-boxed elementor-section-height-default elementor-section-height-default\" data-id=\"ff7cbfc\" data-element_type=\"section\" data-settings=\"{&quot;stretch_section&quot;:&quot;section-stretched&quot;}\">\n\t\t\t\t\t\t\t<div class=\"elementor-background-overlay\"><\/div>\n\t\t\t\t\t\t\t<div class=\"elementor-container elementor-column-gap-extended\">\n\t\t\t\t\t<div class=\"elementor-column elementor-col-100 elementor-top-column elementor-element elementor-element-51428c4 sc_inner_width_none sc_content_align_inherit sc_layouts_column_icons_position_left\" data-id=\"51428c4\" data-element_type=\"column\">\n\t\t\t<div class=\"elementor-widget-wrap elementor-element-populated\">\n\t\t\t\t\t\t<div class=\"elementor-element elementor-element-3ddc632 sc_fly_static elementor-widget elementor-widget-trx_sc_promo\" data-id=\"3ddc632\" data-element_type=\"widget\" data-widget_type=\"trx_sc_promo.default\">\n\t\t\t\t<div class=\"elementor-widget-container\">\n\t\t\t<div  id=\"trx_sc_promo_1082180698\" \n\tclass=\"sc_promo sc_promo_default sc_promo_size_normal sc_promo_image_position_left\"><div class=\"sc_promo_image\" style=\"background-image:url(\/\/aegeanrent.gr\/wp-content\/uploads\/2024\/05\/young-couple-holding-the-keys-of-a-new-car.jpg);width:40%;left: 0;\"><\/div><!-- \/.sc_promo_image --><div class=\"sc_promo_text\" style=\"width: 60%;float: right;\">\n\t\t\t<div class=\"sc_promo_text_inner trx_addons_inline_314319473\"><span class=\"sc_item_subtitle sc_promo_subtitle sc_item_subtitle_above sc_item_title_style_default\">Erfahrung auf dem Gebiet<\/span><h2 class=\"sc_item_title sc_promo_title sc_item_title_style_default sc_item_title_tag\"><span class=\"sc_item_title_text\">Qualit\u00e4t der Dienstleistungen<\/span><\/h2><div class=\"sc_item_descr sc_promo_descr\"><p>Der Zweck von Aegean Rent besteht darin, Ihnen verschiedene Arten von Autos und Booten zu vermieten. Unser Ziel und Wunsch ist es, unseren Kunden erstklassige Dienstleistungen zu bieten, die wir st\u00e4ndig verbessern und erneuern.<\/p>\n<\/div><div id=\"sc_button_141680927\"\tclass=\"sc_item_button sc_button_wrap sc_item_button sc_item_button_default sc_promo_button\"><a href=\"https:\/\/aegeanrent.gr\/\" class=\"sc_button sc_button_default sc_button_size_normal sc_button_icon_left\"><span class=\"sc_button_text\"><span class=\"sc_button_title\">Buch<\/span><\/span><!-- \/.sc_button_text --><\/a><!-- \/.sc_button --><\/div><!-- \/.sc_item_button --><\/div>\n\t\t<\/div><!-- \/.sc_promo_text --><\/div><!-- \/.sc_promo -->\t\t<\/div>\n\t\t\t\t<\/div>\n\t\t\t\t\t<\/div>\n\t\t<\/div>\n\t\t\t\t\t<\/div>\n\t\t<\/section>\n\t\t\t\t<section class=\"elementor-section elementor-top-section elementor-element elementor-element-ec2c001 elementor-section-stretched elementor-section-boxed elementor-section-height-default elementor-section-height-default\" data-id=\"ec2c001\" data-element_type=\"section\" data-settings=\"{&quot;stretch_section&quot;:&quot;section-stretched&quot;,&quot;background_background&quot;:&quot;classic&quot;}\">\n\t\t\t\t\t\t<div class=\"elementor-container elementor-column-gap-extended\">\n\t\t\t\t\t<div class=\"elementor-column elementor-col-100 elementor-top-column elementor-element elementor-element-cbe4e64 sc_inner_width_none sc_content_align_inherit sc_layouts_column_icons_position_left\" data-id=\"cbe4e64\" data-element_type=\"column\">\n\t\t\t<div class=\"elementor-widget-wrap elementor-element-populated\">\n\t\t\t\t\t\t<div class=\"elementor-element elementor-element-bce6133 sc_fly_static elementor-widget elementor-widget-spacer\" data-id=\"bce6133\" data-element_type=\"widget\" data-widget_type=\"spacer.default\">\n\t\t\t\t<div class=\"elementor-widget-container\">\n\t\t\t\t\t<div class=\"elementor-spacer\">\n\t\t\t<div class=\"elementor-spacer-inner\"><\/div>\n\t\t<\/div>\n\t\t\t\t<\/div>\n\t\t\t\t<\/div>\n\t\t\t\t<div class=\"elementor-element elementor-element-e699b52 sc_fly_static elementor-widget elementor-widget-trx_sc_title\" data-id=\"e699b52\" data-element_type=\"widget\" data-widget_type=\"trx_sc_title.default\">\n\t\t\t\t<div class=\"elementor-widget-container\">\n\t\t\t<div id=\"trx_sc_title_493311973\"\n\t\tclass=\"sc_title sc_title_default\"><span class=\"sc_item_subtitle sc_title_subtitle sc_align_center sc_item_subtitle_above sc_item_title_style_default\">Schnelle Buchung<\/span><h2 class=\"sc_item_title sc_title_title sc_align_center sc_item_title_style_default sc_item_title_tag\"><span class=\"sc_item_title_text\">Buch<br> in 4 einfachen Schritten<\/span><\/h2><div class=\"sc_item_descr sc_title_descr sc_align_center\"><p>Finden Sie \u00fcber 30 verschiedene Fahrzeugoptionen <br \/>an 5 verschiedenen Orten in Attika<\/p>\n<\/div><\/div><!-- \/.sc_title -->\t\t<\/div>\n\t\t\t\t<\/div>\n\t\t\t\t<div class=\"elementor-element elementor-element-46c3e43 sc_fly_static elementor-widget elementor-widget-trx_sc_icons\" data-id=\"46c3e43\" data-element_type=\"widget\" data-widget_type=\"trx_sc_icons.default\">\n\t\t\t\t<div class=\"elementor-widget-container\">\n\t\t\t<div id=\"trx_sc_icons_437280116\" \n\tclass=\"sc_icons sc_icons_default sc_icons_size_small sc_align_center\"><div class=\"sc_icons_columns_wrap sc_item_columns trx_addons_columns_wrap columns_padding_bottom columns_in_single_row\"><div class=\"trx_addons_column-1_4\"><div class=\"sc_icons_item\"><div class=\"sc_icons_image\"><img decoding=\"async\" src=\"\/\/aegeanrent.gr\/wp-content\/uploads\/2019\/04\/006_date.png\" alt=\"Icon\" width=\"122\" height=\"124\"><\/div><div class=\"sc_icons_item_details\"><h4 class=\"sc_icons_item_title\"><span>Suchen<\/span><\/h4><div class=\"sc_icons_item_description\"><span>Ort und Datum der Anmietung.<\/span><\/div><\/div><\/div><\/div><div class=\"trx_addons_column-1_4\"><div class=\"sc_icons_item\"><div class=\"sc_icons_image\"><img decoding=\"async\" src=\"\/\/aegeanrent.gr\/wp-content\/uploads\/2019\/04\/007_choose-a-car.png\" alt=\"Icon\" width=\"122\" height=\"124\"><\/div><div class=\"sc_icons_item_details\"><h4 class=\"sc_icons_item_title\"><span>W\u00e4hlen Sie Fahrzeug<\/span><\/h4><div class=\"sc_icons_item_description\"><span>W\u00e4hlen Sie das Fahrzeug, das zu Ihnen passt<\/span><\/div><\/div><\/div><\/div><div class=\"trx_addons_column-1_4\"><div class=\"sc_icons_item\"><div class=\"sc_icons_image\"><img decoding=\"async\" src=\"\/\/aegeanrent.gr\/wp-content\/uploads\/2019\/04\/008_passport.png\" alt=\"Icon\" width=\"122\" height=\"124\"><\/div><div class=\"sc_icons_item_details\"><h4 class=\"sc_icons_item_title\"><span>Reservierung<\/span><\/h4><div class=\"sc_icons_item_description\"><span>Geben Sie Ihre Daten und Zahlungsmethode ein<\/span><\/div><\/div><\/div><\/div><div class=\"trx_addons_column-1_4\"><div class=\"sc_icons_item\"><div class=\"sc_icons_image\"><img loading=\"lazy\" decoding=\"async\" src=\"\/\/aegeanrent.gr\/wp-content\/uploads\/2019\/04\/009_enjoy.png\" alt=\"Icon\" width=\"122\" height=\"124\"><\/div><div class=\"sc_icons_item_details\"><h4 class=\"sc_icons_item_title\"><span>Komme gut nach Hause!<\/span><\/h4><div class=\"sc_icons_item_description\"><span>Genie\u00dfen Sie Ihre Reise!<\/span><\/div><\/div><\/div><\/div><\/div><\/div><!-- \/.sc_icons -->\t\t<\/div>\n\t\t\t\t<\/div>\n\t\t\t\t\t<\/div>\n\t\t<\/div>\n\t\t\t\t\t<\/div>\n\t\t<\/section>\n\t\t\t\t<section class=\"elementor-section elementor-top-section elementor-element elementor-element-1850d58 elementor-section-content-middle elementor-section-stretched elementor-section-boxed elementor-section-height-default elementor-section-height-default\" data-id=\"1850d58\" data-element_type=\"section\" data-settings=\"{&quot;stretch_section&quot;:&quot;section-stretched&quot;}\">\n\t\t\t\t\t\t\t<div class=\"elementor-background-overlay\"><\/div>\n\t\t\t\t\t\t\t<div class=\"elementor-container elementor-column-gap-extended\">\n\t\t\t\t\t<div class=\"elementor-column elementor-col-50 elementor-top-column elementor-element elementor-element-40dd1f2 sc_inner_width_none sc_content_align_inherit sc_layouts_column_icons_position_left\" data-id=\"40dd1f2\" data-element_type=\"column\">\n\t\t\t<div class=\"elementor-widget-wrap elementor-element-populated\">\n\t\t\t\t\t\t<div class=\"elementor-element elementor-element-5969a00 sc_fly_static elementor-widget elementor-widget-image\" data-id=\"5969a00\" data-element_type=\"widget\" data-widget_type=\"image.default\">\n\t\t\t\t<div class=\"elementor-widget-container\">\n\t\t\t\t\t\t\t\t\t\t\t\t\t<img decoding=\"async\" src=\"https:\/\/aegeanrent.gr\/wp-content\/uploads\/elementor\/thumbs\/young-woman-driver-using-mobile-phone-while-driving-car-unsafe-driving-qpbm5e1acnpjato7qlxv3xctg2wcyih7zaxeh2o448.jpg\" title=\"Young woman driver using mobile phone while driving car, unsafe driving\" alt=\"Young woman driver using mobile phone while driving car, unsafe driving\" loading=\"lazy\" \/>\t\t\t\t\t\t\t\t\t\t\t\t\t<\/div>\n\t\t\t\t<\/div>\n\t\t\t\t\t<\/div>\n\t\t<\/div>\n\t\t\t\t<div class=\"elementor-column elementor-col-50 elementor-top-column elementor-element elementor-element-26f9e47 sc_inner_width_none sc_content_align_inherit sc_layouts_column_icons_position_left\" data-id=\"26f9e47\" data-element_type=\"column\">\n\t\t\t<div class=\"elementor-widget-wrap elementor-element-populated\">\n\t\t\t\t\t\t<div class=\"elementor-element elementor-element-c90a396 sc_fly_static elementor-widget elementor-widget-trx_sc_title\" data-id=\"c90a396\" data-element_type=\"widget\" data-widget_type=\"trx_sc_title.default\">\n\t\t\t\t<div class=\"elementor-widget-container\">\n\t\t\t<div id=\"trx_sc_title_905539267\"\n\t\tclass=\"sc_title sc_title_extra\"><span class=\"sc_item_subtitle sc_title_subtitle sc_align_left sc_item_subtitle_above sc_item_title_style_extra\">sie sagen \u00fcber uns<\/span><h2 class=\"sc_item_title sc_title_title sc_align_left sc_item_title_style_extra\"><span class=\"sc_item_title_text\">Warum wir?<\/span><\/h2><\/div><!-- \/.sc_title -->\t\t<\/div>\n\t\t\t\t<\/div>\n\t\t\t\t<div class=\"elementor-element elementor-element-f7b3b31 sc_fly_static elementor-widget elementor-widget-trx_sc_icons\" data-id=\"f7b3b31\" data-element_type=\"widget\" data-widget_type=\"trx_sc_icons.default\">\n\t\t\t\t<div class=\"elementor-widget-container\">\n\t\t\t<div id=\"trx_sc_icons_1811599712\" \n\tclass=\"sc_icons sc_icons_modern sc_icons_size_small sc_align_left\"><div class=\"sc_icons_item\"><div class=\"sc_icons_icon sc_icon_type_ icon-thumbs-up\"><span class=\"sc_icon_type_ icon-thumbs-up\"><\/span><\/div><div class=\"sc_icons_item_details\"><h4 class=\"sc_icons_item_title\"><span>Erfahrung auf dem Gebiet<\/span><\/h4><div class=\"sc_icons_item_description\"><span>Unser erfahrenes und spezialisiertes Personal ist in der Lage, die Bed\u00fcrfnisse und W\u00fcnsche aller unserer Kunden zu erf\u00fcllen. Zu den angebotenen Dienstleistungen geh\u00f6ren die Vermietung von I.X.E-Fahrzeugen, gewerblichen Lieferwagen und Booten.<\/span><\/div><\/div><\/div><div class=\"sc_icons_item\"><div class=\"sc_icons_icon sc_icon_type_ icon-user\"><span class=\"sc_icon_type_ icon-user\"><\/span><\/div><div class=\"sc_icons_item_details\"><h4 class=\"sc_icons_item_title\"><span>Wir sind immer an Ihrer Seite<\/span><\/h4><div class=\"sc_icons_item_description\"><span>Unsere Dienstleistungen werden rund um die Uhr erbracht, mit dem Ziel der Kundenzufriedenheit und stets unter absoluter Achtung des Marktes, in dem wir t\u00e4tig sind.<\/span><\/div><\/div><\/div><\/div><!-- \/.sc_icons -->\t\t<\/div>\n\t\t\t\t<\/div>\n\t\t\t\t<div class=\"elementor-element elementor-element-b10f0eb sc_fly_static elementor-widget elementor-widget-spacer\" data-id=\"b10f0eb\" data-element_type=\"widget\" data-widget_type=\"spacer.default\">\n\t\t\t\t<div class=\"elementor-widget-container\">\n\t\t\t\t\t<div class=\"elementor-spacer\">\n\t\t\t<div class=\"elementor-spacer-inner\"><\/div>\n\t\t<\/div>\n\t\t\t\t<\/div>\n\t\t\t\t<\/div>\n\t\t\t\t<div class=\"elementor-element elementor-element-7374046 sc_fly_static elementor-widget elementor-widget-spacer\" data-id=\"7374046\" data-element_type=\"widget\" data-widget_type=\"spacer.default\">\n\t\t\t\t<div class=\"elementor-widget-container\">\n\t\t\t\t\t<div class=\"elementor-spacer\">\n\t\t\t<div class=\"elementor-spacer-inner\"><\/div>\n\t\t<\/div>\n\t\t\t\t<\/div>\n\t\t\t\t<\/div>\n\t\t\t\t<div class=\"elementor-element elementor-element-190b153 sc_fly_static elementor-widget elementor-widget-trx_sc_button\" data-id=\"190b153\" data-element_type=\"widget\" data-widget_type=\"trx_sc_button.default\">\n\t\t\t\t<div class=\"elementor-widget-container\">\n\t\t\t<div id=\"trx_sc_button_1626708641\"\tclass=\"sc_item_button sc_button_wrap\"><a href=\"https:\/\/aegeanrent.gr\/\" class=\"sc_button sc_button_default sc_button_size_normal sc_button_icon_left color_style_link2\"><span class=\"sc_button_text\"><span class=\"sc_button_title\">Buch<\/span><\/span><!-- \/.sc_button_text --><\/a><!-- \/.sc_button --><\/div><!-- \/.sc_item_button -->\t\t<\/div>\n\t\t\t\t<\/div>\n\t\t\t\t\t<\/div>\n\t\t<\/div>\n\t\t\t\t\t<\/div>\n\t\t<\/section>\n\t\t\t\t<\/div>\n\t\t","protected":false},"excerpt":{"rendered":"<p>Erfahrung auf dem Gebiet Qualit\u00e4t der Dienstleistungen Der Zweck von Aegean Rent besteht darin, Ihnen verschiedene Arten von Autos und Booten zu vermieten. Unser Ziel und Wunsch ist es, unseren Kunden erstklassige&hellip;<\/p>\n","protected":false},"author":1,"featured_media":0,"parent":0,"menu_order":0,"comment_status":"closed","ping_status":"closed","template":"","meta":{"footnotes":""},"class_list":["post-7195","page","type-page","status-publish","hentry"],"_links":{"self":[{"href":"https:\/\/aegeanrent.gr\/de\/wp-json\/wp\/v2\/pages\/7195","targetHints":{"allow":["GET"]}}],"collection":[{"href":"https:\/\/aegeanrent.gr\/de\/wp-json\/wp\/v2\/pages"}],"about":[{"href":"https:\/\/aegeanrent.gr\/de\/wp-json\/wp\/v2\/types\/page"}],"author":[{"embeddable":true,"href":"https:\/\/aegeanrent.gr\/de\/wp-json\/wp\/v2\/users\/1"}],"replies":[{"embeddable":true,"href":"https:\/\/aegeanrent.gr\/de\/wp-json\/wp\/v2\/comments?post=7195"}],"version-history":[{"count":13,"href":"https:\/\/aegeanrent.gr\/de\/wp-json\/wp\/v2\/pages\/7195\/revisions"}],"predecessor-version":[{"id":7499,"href":"https:\/\/aegeanrent.gr\/de\/wp-json\/wp\/v2\/pages\/7195\/revisions\/7499"}],"wp:attachment":[{"href":"https:\/\/aegeanrent.gr\/de\/wp-json\/wp\/v2\/media?parent=7195"}],"curies":[{"name":"wp","href":"https:\/\/api.w.org\/{rel}","templated":true}]}}